{"id":1210,"date":"2024-07-11T10:30:18","date_gmt":"2024-07-11T08:30:18","guid":{"rendered":"https:\/\/ambiancepiquenique.com\/?page_id=1210"},"modified":"2026-03-17T14:19:12","modified_gmt":"2026-03-17T13:19:12","slug":"prestataires-culinaires","status":"publish","type":"page","link":"https:\/\/ambiancepiquenique.com\/index.php\/prestataires-culinaires\/","title":{"rendered":"Prestataires culinaires"},"content":{"rendered":"\n<style>\n.wp-block-post-title {\ndisplay:none;\n}\n<\/style>\n\n\n\n<div class=\"wp-block-group alignfull is-layout-flow wp-block-group-is-layout-flow\" style=\"margin-top:0;margin-bottom:0;padding-top:0;padding-bottom:0\">\n<div class=\"wp-block-cover is-light\" style=\"margin-top:0;margin-bottom:0;padding-top:var(--wp--preset--spacing--superbspacing-xxlarge);padding-right:var(--wp--preset--spacing--superbspacing-small);padding-bottom:var(--wp--preset--spacing--superbspacing-xxlarge);padding-left:var(--wp--preset--spacing--superbspacing-small);aspect-ratio:unset;\"><img loading=\"lazy\" decoding=\"async\" width=\"1707\" height=\"2560\" class=\"wp-block-cover__image-background wp-image-917\" alt=\"\" src=\"http:\/\/ambiancepiquenique.com\/wp-content\/uploads\/2024\/05\/Ambiance-Pique-Nique-Mai-2024-@bellin.megane-14-copie-scaled.jpg\" style=\"object-position:55% 42%\" data-object-fit=\"cover\" data-object-position=\"55% 42%\" srcset=\"https:\/\/ambiancepiquenique.com\/wp-content\/uploads\/2024\/05\/Ambiance-Pique-Nique-Mai-2024-@bellin.megane-14-copie-scaled.jpg 1707w, https:\/\/ambiancepiquenique.com\/wp-content\/uploads\/2024\/05\/Ambiance-Pique-Nique-Mai-2024-@bellin.megane-14-copie-200x300.jpg 200w, https:\/\/ambiancepiquenique.com\/wp-content\/uploads\/2024\/05\/Ambiance-Pique-Nique-Mai-2024-@bellin.megane-14-copie-683x1024.jpg 683w, https:\/\/ambiancepiquenique.com\/wp-content\/uploads\/2024\/05\/Ambiance-Pique-Nique-Mai-2024-@bellin.megane-14-copie-768x1152.jpg 768w, https:\/\/ambiancepiquenique.com\/wp-content\/uploads\/2024\/05\/Ambiance-Pique-Nique-Mai-2024-@bellin.megane-14-copie-1024x1536.jpg 1024w, https:\/\/ambiancepiquenique.com\/wp-content\/uploads\/2024\/05\/Ambiance-Pique-Nique-Mai-2024-@bellin.megane-14-copie-1365x2048.jpg 1365w\" sizes=\"auto, (max-width: 1707px) 100vw, 1707px\" \/><span aria-hidden=\"true\" class=\"wp-block-cover__background has-contrast-light-background-color has-background-dim-30 has-background-dim\"><\/span><div class=\"wp-block-cover__inner-container is-layout-flow wp-container-core-cover-is-layout-a2d2b802 wp-block-cover-is-layout-flow\">\n<div class=\"wp-block-group alignwide has-global-padding is-layout-constrained wp-container-core-group-is-layout-bea02a06 wp-block-group-is-layout-constrained\">\n<h1 class=\"wp-block-heading alignwide has-text-align-center superbthemes-navigation-004-headline has-text-color has-superbfont-xxlarge-font-size\" style=\"color:#114133;padding-right:0;padding-bottom:0;padding-left:0\"><strong>Prestataires culinaires<\/strong><\/h1>\n\n\n\n<p class=\"has-text-align-center\"><\/p>\n\n\n\n<p><\/p>\n<\/div>\n<\/div><\/div>\n<\/div>\n\n\n\n<style>\n.img_arche img{\nborder-radius: 300px 300px 300px 300px;\n}\n.arche_col_group {\npadding : 10px;\n}\n.arche_col p {\npadding-bottom:10px;\n}\n.hidden {\nvisibility:hidden;\n}\n.justify {\ntext-align:justify;\n}\n.option_texte_milieu {\nmargin-top:5px;\nmargin-bottom:5px;\n}\n.last_presta {\nmargin-bottom : 50px;\n}\n<\/style>\n\n\n\n<div class=\"wp-block-columns arche_col_group is-layout-flex wp-container-core-columns-is-layout-28f84493 wp-block-columns-is-layout-flex\">\n<div class=\"wp-block-column arche_col is-layout-flow wp-block-column-is-layout-flow\">\n<figure class=\"wp-block-image aligncenter size-full is-resized img_arche\"><img loading=\"lazy\" decoding=\"async\" width=\"1414\" height=\"2000\" src=\"https:\/\/ambiancepiquenique.com\/wp-content\/uploads\/2025\/03\/Tan-Grey-Modern-Summer-Hours-Arch-Photo-Flyer-1.png\" alt=\"\" class=\"wp-image-1589\" style=\"width:301px;height:auto\" srcset=\"https:\/\/ambiancepiquenique.com\/wp-content\/uploads\/2025\/03\/Tan-Grey-Modern-Summer-Hours-Arch-Photo-Flyer-1.png 1414w, https:\/\/ambiancepiquenique.com\/wp-content\/uploads\/2025\/03\/Tan-Grey-Modern-Summer-Hours-Arch-Photo-Flyer-1-212x300.png 212w, https:\/\/ambiancepiquenique.com\/wp-content\/uploads\/2025\/03\/Tan-Grey-Modern-Summer-Hours-Arch-Photo-Flyer-1-724x1024.png 724w, https:\/\/ambiancepiquenique.com\/wp-content\/uploads\/2025\/03\/Tan-Grey-Modern-Summer-Hours-Arch-Photo-Flyer-1-768x1086.png 768w, https:\/\/ambiancepiquenique.com\/wp-content\/uploads\/2025\/03\/Tan-Grey-Modern-Summer-Hours-Arch-Photo-Flyer-1-1086x1536.png 1086w\" sizes=\"auto, (max-width: 1414px) 100vw, 1414px\" \/><\/figure>\n\n\n\n<p class=\"has-text-align-center has-text-color has-link-color wp-elements-e8e0b336625c5e747c1e98568b2b965e\" style=\"color:#114133\"><strong>Planches ap\u00e9ritives<\/strong><\/p>\n\n\n\n<p class=\"has-text-align-center option_texte_milieu\">Boucherie Gourmande<\/p>\n\n\n\n<p class=\"has-text-align-center option_texte_milieu\">D\u00e9lais minimum de commande 24 heures <\/p>\n\n\n\n<p class=\"has-text-align-center option_texte_milieu \"><a href=\"#ptite_boucherie\">Plus d&rsquo;infos<\/a><\/p>\n<\/div>\n\n\n\n<div class=\"wp-block-column arche_col is-layout-flow wp-block-column-is-layout-flow\">\n<figure class=\"wp-block-image aligncenter size-full is-resized img_arche\"><img loading=\"lazy\" decoding=\"async\" width=\"1414\" height=\"2000\" src=\"http:\/\/ambiancepiquenique.com\/wp-content\/uploads\/2025\/09\/Tan-Grey-Modern-Summer-Hours-Arch-Photo-Flyer-6.png\" alt=\"\" class=\"wp-image-1854\" style=\"width:301px;height:auto\" srcset=\"https:\/\/ambiancepiquenique.com\/wp-content\/uploads\/2025\/09\/Tan-Grey-Modern-Summer-Hours-Arch-Photo-Flyer-6.png 1414w, https:\/\/ambiancepiquenique.com\/wp-content\/uploads\/2025\/09\/Tan-Grey-Modern-Summer-Hours-Arch-Photo-Flyer-6-212x300.png 212w, https:\/\/ambiancepiquenique.com\/wp-content\/uploads\/2025\/09\/Tan-Grey-Modern-Summer-Hours-Arch-Photo-Flyer-6-724x1024.png 724w, https:\/\/ambiancepiquenique.com\/wp-content\/uploads\/2025\/09\/Tan-Grey-Modern-Summer-Hours-Arch-Photo-Flyer-6-768x1086.png 768w, https:\/\/ambiancepiquenique.com\/wp-content\/uploads\/2025\/09\/Tan-Grey-Modern-Summer-Hours-Arch-Photo-Flyer-6-1086x1536.png 1086w\" sizes=\"auto, (max-width: 1414px) 100vw, 1414px\" \/><\/figure>\n\n\n\n<p class=\"has-text-align-center has-text-color has-link-color wp-elements-4e2f68137161826148ea2a2fada1d9d5\" style=\"color:#114133\"><strong><strong>Plateaux grazing<\/strong><\/strong><\/p>\n\n\n\n<p class=\"has-text-align-center option_texte_milieu \">L&rsquo;atelier de Claire<\/p>\n\n\n\n<p class=\"has-text-align-center option_texte_milieu \">D\u00e9lais minimum de commande 24 heures<\/p>\n\n\n\n<p class=\"has-text-align-center option_texte_milieu \"><a href=\"#claire\">Plus d&rsquo;infos<\/a><\/p>\n<\/div>\n\n\n\n<div class=\"wp-block-column arche_col is-layout-flow wp-block-column-is-layout-flow\">\n<figure class=\"wp-block-image aligncenter size-full is-resized img_arche\"><img loading=\"lazy\" decoding=\"async\" width=\"1240\" height=\"1748\" src=\"https:\/\/ambiancepiquenique.com\/wp-content\/uploads\/2024\/07\/1.png\" alt=\"\" class=\"wp-image-1236\" style=\"width:301px;height:auto\" srcset=\"https:\/\/ambiancepiquenique.com\/wp-content\/uploads\/2024\/07\/1.png 1240w, https:\/\/ambiancepiquenique.com\/wp-content\/uploads\/2024\/07\/1-213x300.png 213w, https:\/\/ambiancepiquenique.com\/wp-content\/uploads\/2024\/07\/1-726x1024.png 726w, https:\/\/ambiancepiquenique.com\/wp-content\/uploads\/2024\/07\/1-768x1083.png 768w, https:\/\/ambiancepiquenique.com\/wp-content\/uploads\/2024\/07\/1-1090x1536.png 1090w\" sizes=\"auto, (max-width: 1240px) 100vw, 1240px\" \/><\/figure>\n\n\n\n<p class=\"has-text-align-center has-text-color has-link-color wp-elements-f78130ea7d267036337484b6b5d46979\" style=\"color:#114133\"><strong><strong>Menus<\/strong><\/strong><\/p>\n\n\n\n<p class=\"has-text-align-center option_texte_milieu \">Les Toqu\u00e9s du Bocal<\/p>\n\n\n\n<p class=\"has-text-align-center option_texte_milieu \">D\u00e9lais minimum de commande 4 jours<\/p>\n\n\n\n<p class=\"has-text-align-center option_texte_milieu \"><a href=\"#toques_bocal\">Plus d&rsquo;infos<\/a><\/p>\n<\/div>\n<\/div>\n\n\n\n<div class=\"wp-block-columns arche_col_group is-layout-flex wp-container-core-columns-is-layout-28f84493 wp-block-columns-is-layout-flex\">\n<div class=\"wp-block-column arche_col is-layout-flow wp-block-column-is-layout-flow\">\n<figure class=\"wp-block-image aligncenter size-full is-resized img_arche\"><img loading=\"lazy\" decoding=\"async\" width=\"1414\" height=\"2000\" src=\"http:\/\/ambiancepiquenique.com\/wp-content\/uploads\/2025\/03\/Tan-Grey-Modern-Summer-Hours-Arch-Photo-Flyer-3.png\" alt=\"\" class=\"wp-image-1583\" style=\"width:301px;height:auto\" srcset=\"https:\/\/ambiancepiquenique.com\/wp-content\/uploads\/2025\/03\/Tan-Grey-Modern-Summer-Hours-Arch-Photo-Flyer-3.png 1414w, https:\/\/ambiancepiquenique.com\/wp-content\/uploads\/2025\/03\/Tan-Grey-Modern-Summer-Hours-Arch-Photo-Flyer-3-212x300.png 212w, https:\/\/ambiancepiquenique.com\/wp-content\/uploads\/2025\/03\/Tan-Grey-Modern-Summer-Hours-Arch-Photo-Flyer-3-724x1024.png 724w, https:\/\/ambiancepiquenique.com\/wp-content\/uploads\/2025\/03\/Tan-Grey-Modern-Summer-Hours-Arch-Photo-Flyer-3-768x1086.png 768w, https:\/\/ambiancepiquenique.com\/wp-content\/uploads\/2025\/03\/Tan-Grey-Modern-Summer-Hours-Arch-Photo-Flyer-3-1086x1536.png 1086w\" sizes=\"auto, (max-width: 1414px) 100vw, 1414px\" \/><\/figure>\n\n\n\n<p class=\"has-text-align-center has-text-color has-link-color wp-elements-0f01eb5020181e993e04169b6eaaa411\" style=\"color:#114133\"><strong>Brunch<\/strong><\/p>\n\n\n\n<p class=\"has-text-align-center option_texte_milieu\">Gasta Brunch<\/p>\n\n\n\n<p class=\"has-text-align-center option_texte_milieu\">Commande possible du mercredi au dimanche<\/p>\n\n\n\n<p class=\"has-text-align-center option_texte_milieu \"><a href=\"#brunch_thau\">Plus d&rsquo;infos<\/a><\/p>\n<\/div>\n\n\n\n<div class=\"wp-block-column arche_col is-layout-flow wp-block-column-is-layout-flow\">\n<p class=\"has-text-align-center has-text-color has-link-color wp-elements-22e745c9ecbcc66155911b004ee58d01\" style=\"color:#114133\"><\/p>\n\n\n\n<p class=\"has-text-align-center option_texte_milieu \"><\/p>\n\n\n\n<p class=\"has-text-align-center option_texte_milieu \"><\/p>\n\n\n\n<p class=\"has-text-align-center option_texte_milieu \"><\/p>\n<\/div>\n\n\n\n<div class=\"wp-block-column arche_col is-layout-flow wp-block-column-is-layout-flow\">\n<p class=\"has-text-align-center has-text-color has-link-color wp-elements-22e745c9ecbcc66155911b004ee58d01\" style=\"color:#114133\"><\/p>\n\n\n\n<p class=\"has-text-align-center option_texte_milieu \"><\/p>\n\n\n\n<p class=\"has-text-align-center option_texte_milieu \"><\/p>\n\n\n\n<p class=\"has-text-align-center option_texte_milieu \"><\/p>\n<\/div>\n<\/div>\n\n\n\n<p><\/p>\n\n\n\n<div class=\"wp-block-group last_presta has-global-padding is-layout-constrained wp-block-group-is-layout-constrained\"><\/div>\n\n\n\n<p><\/p>\n\n\n\n<div class=\"wp-block-group last_presta has-global-padding is-layout-constrained wp-block-group-is-layout-constrained\">\n<p class=\"has-text-align-center has-superbfont-large-font-size\" id=\"ptite_boucherie\"><strong>Prestataire : Boucherie Gourmande<\/strong><\/p>\n\n\n\n<p class=\"has-text-align-center\" style=\"font-size:clamp(14px, 0.875rem + ((1vw - 3.2px) * 0.455), 18px);\"><em>Des plateaux g\u00e9n\u00e9reux de charcuterie et fromages ou de raclette, pr\u00e9par\u00e9s avec soin pour ravir vos papilles. Des produits de qualit\u00e9 pour un moment gourmand et convivial.<\/em><\/p>\n\n\n\n<p class=\"has-text-align-center\" style=\"font-size:clamp(14px, 0.875rem + ((1vw - 3.2px) * 0.455), 18px);\">Planche de charcuterie et fromages &#8211; 12,50\u20ac par personne (minimum 2 personnes)<\/p>\n\n\n\n<p class=\"has-text-align-center\" style=\"font-size:clamp(14px, 0.875rem + ((1vw - 3.2px) * 0.455), 18px);\">Plateau raclette : charcuterie &amp; fromage nature, fum\u00e9 et poivre (Mat\u00e9riel fourni : raclette \u00e0 la bougie) &#8211; 15\u20ac par personne<\/p>\n\n\n\n<p class=\"has-text-align-center\" style=\"font-size:clamp(14px, 0.875rem + ((1vw - 3.2px) * 0.455), 18px);\"><\/p>\n<\/div>\n\n\n\n<div class=\"wp-block-group has-global-padding is-layout-constrained wp-block-group-is-layout-constrained\">\n<p class=\"has-text-align-center has-superbfont-large-font-size\" id=\"claire\"><strong>Prestataire : L&rsquo;atelier de Claire<\/strong><\/p>\n<\/div>\n\n\n\n<p class=\"has-text-align-center\" style=\"font-size:clamp(14px, 0.875rem + ((1vw - 3.2px) * 0.455), 18px);\"><em><em>Des cr\u00e9ations grazing raffin\u00e9es, avec un subtil \u00e9quilibre sucr\u00e9-sal\u00e9.<\/em><\/em><\/p>\n\n\n\n<p class=\"has-text-align-center\" style=\"font-size:clamp(14px, 0.875rem + ((1vw - 3.2px) * 0.455), 18px);\"><strong>Le duo complice<\/strong><br>Deux plateaux \u00e0 savourer ensemble<br>Sal\u00e9 : Charcuterie et fromages s\u00e9lectionn\u00e9s, accompagn\u00e9s de l\u00e9gumes frais.<br>Sucr\u00e9 : Fruit de saison, color\u00e9 et juteux, pour une touche douce et vitamin\u00e9e.<\/p>\n\n\n\n<p class=\"has-text-align-center\" style=\"font-size:clamp(14px, 0.875rem + ((1vw - 3.2px) * 0.455), 18px);\">Id\u00e9al pour un t\u00eate-\u00e0-t\u00eate ou \u00e0 multiplier pour r\u00e9galer un groupe.<br>50\u20ac par duo<\/p>\n\n\n\n<p class=\"has-text-align-center\" style=\"font-size:clamp(14px, 0.875rem + ((1vw - 3.2px) * 0.455), 18px);\"><\/p>\n\n\n\n<p><\/p>\n\n\n\n<div class=\"wp-block-columns is-layout-flex wp-container-core-columns-is-layout-28f84493 wp-block-columns-is-layout-flex\">\n<div class=\"wp-block-column is-layout-flow wp-block-column-is-layout-flow\" style=\"flex-basis:100%\">\n<div class=\"wp-block-columns is-layout-flex wp-container-core-columns-is-layout-28f84493 wp-block-columns-is-layout-flex\">\n<div class=\"wp-block-column is-layout-flow wp-block-column-is-layout-flow\" style=\"flex-basis:100%\">\n<div class=\"wp-block-group has-global-padding is-layout-constrained wp-block-group-is-layout-constrained\">\n<p class=\"has-text-align-center has-superbfont-large-font-size\" id=\"toques_bocal\"><strong>Prestataire : Les Toqu\u00e9s du Bocal<\/strong><\/p>\n\n\n\n<p class=\"has-text-align-center\" style=\"font-size:clamp(14px, 0.875rem + ((1vw - 3.2px) * 0.455), 18px);\"><em>Des repas maison copieux et savoureux, compos\u00e9s d\u2019ingr\u00e9dient frais pour un vrai go\u00fbt d\u2019authenticit\u00e9. A vous de composer votre menu en un, deux ou trois actes, pour savourer chaque \u00e9tape selon vos envies.<\/em><\/p>\n\n\n\n<figure class=\"wp-block-image aligncenter size-large\"><img loading=\"lazy\" decoding=\"async\" width=\"722\" height=\"1024\" src=\"http:\/\/ambiancepiquenique.com\/wp-content\/uploads\/2026\/03\/Entree-plat-ou-plat-dessert-1930-E-par-personne-722x1024.png\" alt=\"\" class=\"wp-image-1882\" srcset=\"https:\/\/ambiancepiquenique.com\/wp-content\/uploads\/2026\/03\/Entree-plat-ou-plat-dessert-1930-E-par-personne-722x1024.png 722w, https:\/\/ambiancepiquenique.com\/wp-content\/uploads\/2026\/03\/Entree-plat-ou-plat-dessert-1930-E-par-personne-212x300.png 212w, https:\/\/ambiancepiquenique.com\/wp-content\/uploads\/2026\/03\/Entree-plat-ou-plat-dessert-1930-E-par-personne-768x1089.png 768w, https:\/\/ambiancepiquenique.com\/wp-content\/uploads\/2026\/03\/Entree-plat-ou-plat-dessert-1930-E-par-personne-1083x1536.png 1083w, https:\/\/ambiancepiquenique.com\/wp-content\/uploads\/2026\/03\/Entree-plat-ou-plat-dessert-1930-E-par-personne.png 1410w\" sizes=\"auto, (max-width: 722px) 100vw, 722px\" \/><\/figure>\n\n\n\n<figure class=\"wp-block-image aligncenter size-full\"><img loading=\"lazy\" decoding=\"async\" width=\"963\" height=\"385\" src=\"http:\/\/ambiancepiquenique.com\/wp-content\/uploads\/2024\/11\/texte_menu_toques.jpg\" alt=\"\" class=\"wp-image-1476\" srcset=\"https:\/\/ambiancepiquenique.com\/wp-content\/uploads\/2024\/11\/texte_menu_toques.jpg 963w, https:\/\/ambiancepiquenique.com\/wp-content\/uploads\/2024\/11\/texte_menu_toques-300x120.jpg 300w, https:\/\/ambiancepiquenique.com\/wp-content\/uploads\/2024\/11\/texte_menu_toques-768x307.jpg 768w\" sizes=\"auto, (max-width: 963px) 100vw, 963px\" \/><\/figure>\n\n\n\n<div class=\"wp-block-group has-global-padding is-layout-constrained wp-block-group-is-layout-constrained\">\n<p class=\"has-text-align-center has-superbfont-large-font-size\" id=\"brunch_thau\"><strong>Prestataire : Gasta Brunch<\/strong><\/p>\n<\/div>\n\n\n\n<p class=\"has-text-align-center\" style=\"font-size:clamp(14px, 0.875rem + ((1vw - 3.2px) * 0.455), 18px);\"><em>Des brunchs fait maison, g\u00e9n\u00e9reux et d\u00e9licieux, parfait pour commencer la journ\u00e9e ou partager un moment convivial. Deux formules pour satisfaire toutes vos envies.<\/em><\/p>\n\n\n\n<figure class=\"wp-block-gallery has-nested-images columns-default is-cropped wp-block-gallery-1 is-layout-flex wp-block-gallery-is-layout-flex\">\n<figure class=\"wp-block-image size-large\"><img loading=\"lazy\" decoding=\"async\" width=\"724\" height=\"1024\" data-id=\"1862\" src=\"http:\/\/ambiancepiquenique.com\/wp-content\/uploads\/2025\/09\/IMG_5674-724x1024.png\" alt=\"\" class=\"wp-image-1862\" srcset=\"https:\/\/ambiancepiquenique.com\/wp-content\/uploads\/2025\/09\/IMG_5674-724x1024.png 724w, https:\/\/ambiancepiquenique.com\/wp-content\/uploads\/2025\/09\/IMG_5674-212x300.png 212w, https:\/\/ambiancepiquenique.com\/wp-content\/uploads\/2025\/09\/IMG_5674-768x1086.png 768w, https:\/\/ambiancepiquenique.com\/wp-content\/uploads\/2025\/09\/IMG_5674-1087x1536.png 1087w, https:\/\/ambiancepiquenique.com\/wp-content\/uploads\/2025\/09\/IMG_5674.png 1415w\" sizes=\"auto, (max-width: 724px) 100vw, 724px\" \/><\/figure>\n<\/figure>\n<\/div>\n<\/div>\n<\/div>\n<\/div>\n<\/div>\n\n\n\n<p class=\"has-text-align-center\" style=\"font-size:clamp(14px, 0.875rem + ((1vw - 3.2px) * 0.455), 18px);\"><\/p>\n\n\n\n<hr class=\"wp-block-separator has-alpha-channel-opacity is-style-default\" style=\"margin-top:var(--wp--preset--spacing--superbspacing-small);margin-bottom:var(--wp--preset--spacing--superbspacing-small)\"\/>\n\n\n\n<figure class=\"wp-block-image size-large\"><img loading=\"lazy\" decoding=\"async\" width=\"1200\" height=\"675\" src=\"http:\/\/ambiancepiquenique.com\/wp-content\/uploads\/2026\/03\/photo-collage-desktop-wallpaper-3-1200x675.png\" alt=\"\" class=\"wp-image-1883\" srcset=\"https:\/\/ambiancepiquenique.com\/wp-content\/uploads\/2026\/03\/photo-collage-desktop-wallpaper-3-1200x675.png 1200w, https:\/\/ambiancepiquenique.com\/wp-content\/uploads\/2026\/03\/photo-collage-desktop-wallpaper-3-300x169.png 300w, https:\/\/ambiancepiquenique.com\/wp-content\/uploads\/2026\/03\/photo-collage-desktop-wallpaper-3-768x432.png 768w, https:\/\/ambiancepiquenique.com\/wp-content\/uploads\/2026\/03\/photo-collage-desktop-wallpaper-3-1536x864.png 1536w, https:\/\/ambiancepiquenique.com\/wp-content\/uploads\/2026\/03\/photo-collage-desktop-wallpaper-3.png 1920w\" sizes=\"auto, (max-width: 1200px) 100vw, 1200px\" \/><\/figure>\n\n\n\n<p><\/p>\n","protected":false},"excerpt":{"rendered":"<p>Planches ap\u00e9ritives Boucherie Gourmande D\u00e9lais minimum de commande 24 heures Plus d&rsquo;infos Plateaux grazing L&rsquo;atelier de Claire D\u00e9lais minimum de commande 24 heures Plus d&rsquo;infos Menus Les Toqu\u00e9s du Bocal D\u00e9lais minimum de commande 4 jours Plus d&rsquo;infos Brunch Gasta Brunch Commande possible du mercredi au dimanche Plus d&rsquo;infos Prestataire : Boucherie Gourmande Des plateaux [&hellip;]<\/p>\n","protected":false},"author":2,"featured_media":0,"parent":0,"menu_order":0,"comment_status":"closed","ping_status":"closed","template":"","meta":{"footnotes":""},"class_list":["post-1210","page","type-page","status-publish","hentry"],"_links":{"self":[{"href":"https:\/\/ambiancepiquenique.com\/index.php\/wp-json\/wp\/v2\/pages\/1210","targetHints":{"allow":["GET"]}}],"collection":[{"href":"https:\/\/ambiancepiquenique.com\/index.php\/wp-json\/wp\/v2\/pages"}],"about":[{"href":"https:\/\/ambiancepiquenique.com\/index.php\/wp-json\/wp\/v2\/types\/page"}],"author":[{"embeddable":true,"href":"https:\/\/ambiancepiquenique.com\/index.php\/wp-json\/wp\/v2\/users\/2"}],"replies":[{"embeddable":true,"href":"https:\/\/ambiancepiquenique.com\/index.php\/wp-json\/wp\/v2\/comments?post=1210"}],"version-history":[{"count":77,"href":"https:\/\/ambiancepiquenique.com\/index.php\/wp-json\/wp\/v2\/pages\/1210\/revisions"}],"predecessor-version":[{"id":1903,"href":"https:\/\/ambiancepiquenique.com\/index.php\/wp-json\/wp\/v2\/pages\/1210\/revisions\/1903"}],"wp:attachment":[{"href":"https:\/\/ambiancepiquenique.com\/index.php\/wp-json\/wp\/v2\/media?parent=1210"}],"curies":[{"name":"wp","href":"https:\/\/api.w.org\/{rel}","templated":true}]}}